{"id":44,"date":"2024-10-31T00:14:40","date_gmt":"2024-10-30T23:14:40","guid":{"rendered":"https:\/\/pk-web.ddns.net\/?page_id=44"},"modified":"2024-10-31T00:14:40","modified_gmt":"2024-10-30T23:14:40","slug":"lutherpark","status":"publish","type":"page","link":"https:\/\/evangelischejugenderfurt.de\/?page_id=44","title":{"rendered":"Lutherpark"},"content":{"rendered":"<div class=\"wp-block-image\">\n<figure class=\"aligncenter size-large\"><img decoding=\"async\" src=\"https:\/\/pk-web.ddns.net\/wp-content\/uploads\/2024\/10\/lagebesprechung-noch-ist-es-kuehl-1024x576.jpg\" alt=\"\" class=\"wp-image-46\"\/><\/figure>\n<\/div>\n\n\n<p><\/p>\n\n\n\n<p class=\"has-text-align-center\">Der Lutherpark liegt im Steigerwald am Rande von Erfurt. Das Gel\u00e4nde wird von der Evangelischen Jugend und dem PauL&nbsp;e.V. bewirtschaftet und belebt. Hierbei setzen wir auf verschiedene Kooperationspartner, mit denen gemeinsam unterschiedliche Formate f\u00fcr Kinder, Jugendliche und Erwachsene entwickeln und umsetzen.<\/p>\n\n\n\n<div class=\"wp-block-group is-layout-grid wp-container-core-group-is-layout-9649a0d9 wp-block-group-is-layout-grid\">\n<p class=\"has-text-align-left wp-container-content-e29552f7\"><strong>Schulgarten<\/strong><br>Die Sch\u00fcler der sechsten und siebenten Klassen der Evangelischen Gemeinschaftsschule haben einen Schulgarten angelegt. Von April bis Ende Oktober sind an drei Tagen pro Woche jeweils eine Klasse ganzt\u00e4gig im Lutherpark, um im Schulgarten zu arbeiten, gemeinsam zu kochen und zu speisen, das Gel\u00e4nde zu pflegen.<\/p>\n\n\n\n<p class=\"has-text-align-left wp-container-content-e29552f7\"><strong>Baumhauscamp<\/strong><br>Jeden Sommer bauen wir in einer Freizeit f\u00fcr Jugendliche an den Plattformen im Wald weiter. WIr verwenden keine N\u00e4gel und Schrauben, die Plattformen werden mit Seilen an den lebendigen B\u00e4umen befestigt.<\/p>\n\n\n\n<p class=\"has-text-align-left wp-container-content-e29552f7\"><strong>Abenteuercamp<\/strong><br>Anfang September l\u00e4dt der Lutherpark zu einem Familienwochenende ein mit Musik, Theater und verschiedenen MItmachaktionen. Der Lutherpark wird zum Campingplatz.<\/p>\n\n\n\n<p class=\"has-text-align-left wp-container-content-e29552f7\"><strong>Pfadfinder<\/strong><br>Die &#8222;Royal Rangers&#8220; sind einen Tag pro Woche mit einer Gruppe im Lutherpark und \u00fcben sich im naturverbundenen Leben.<\/p>\n\n\n\n<p class=\"has-text-align-left wp-container-content-e29552f7\"><strong>flyingkitchen culture presents<\/strong><br>Gegen Ende des Sommers l\u00e4dt die &#8222;Flying Kitchen&#8220; zu einem Tagesfestival ein. Musik, Theater und ein gemeinsames Festmahl stehen auf dem Programm.<\/p>\n\n\n\n<p class=\"has-text-align-left wp-container-content-e29552f7\"><strong>Martin und Paul&#8217;s Sonntagspizza<\/strong><br>Jeden ersten Sonntag im Monat backen wir Pizza. Ab 14 Uhr gibt es Pizza aus dem Freiluftofen sowie warme und kalte Getr\u00e4nke. Der Erl\u00f6s geht an den PauL e.V..<\/p>\n\n\n\n<p class=\"has-text-align-left\"><\/p>\n<\/div>\n\n\n\n<p><\/p>\n","protected":false},"excerpt":{"rendered":"<p>Der Lutherpark liegt im Steigerwald am Rande von Erfurt. Das Gel\u00e4nde wird von der Evangelischen Jugend und dem PauL&nbsp;e.V. bewirtschaftet und belebt. Hierbei setzen wir auf verschiedene Kooperationspartner, mit denen gemeinsam unterschiedliche Formate f\u00fcr Kinder, Jugendliche und Erwachsene entwickeln und umsetzen. SchulgartenDie Sch\u00fcler der sechsten und siebenten Klassen der Evangelischen Gemeinschaftsschule haben einen Schulgarten angelegt. [&hellip;]<\/p>\n","protected":false},"author":2,"featured_media":0,"parent":0,"menu_order":0,"comment_status":"closed","ping_status":"closed","template":"","meta":{"footnotes":""},"class_list":["post-44","page","type-page","status-publish","hentry"],"_links":{"self":[{"href":"https:\/\/evangelischejugenderfurt.de\/index.php?rest_route=\/wp\/v2\/pages\/44","targetHints":{"allow":["GET"]}}],"collection":[{"href":"https:\/\/evangelischejugenderfurt.de\/index.php?rest_route=\/wp\/v2\/pages"}],"about":[{"href":"https:\/\/evangelischejugenderfurt.de\/index.php?rest_route=\/wp\/v2\/types\/page"}],"author":[{"embeddable":true,"href":"https:\/\/evangelischejugenderfurt.de\/index.php?rest_route=\/wp\/v2\/users\/2"}],"replies":[{"embeddable":true,"href":"https:\/\/evangelischejugenderfurt.de\/index.php?rest_route=%2Fwp%2Fv2%2Fcomments&post=44"}],"version-history":[{"count":0,"href":"https:\/\/evangelischejugenderfurt.de\/index.php?rest_route=\/wp\/v2\/pages\/44\/revisions"}],"wp:attachment":[{"href":"https:\/\/evangelischejugenderfurt.de\/index.php?rest_route=%2Fwp%2Fv2%2Fmedia&parent=44"}],"curies":[{"name":"wp","href":"https:\/\/api.w.org\/{rel}","templated":true}]}}